{"id":538,"date":"2020-02-20T23:03:11","date_gmt":"2020-02-20T23:03:11","guid":{"rendered":"https:\/\/ardennenrennen.be\/?page_id=538"},"modified":"2020-02-20T23:03:11","modified_gmt":"2020-02-20T23:03:11","slug":"cookies","status":"publish","type":"page","link":"https:\/\/ardennenrennen.be\/fr\/cookies\/","title":{"rendered":"Cookies"},"content":{"rendered":"<div class=\"fusion-fullwidth fullwidth-box fusion-builder-row-1 nonhundred-percent-fullwidth non-hundred-percent-height-scrolling\" style=\"--awb-border-radius-top-left:0px;--awb-border-radius-top-right:0px;--awb-border-radius-bottom-right:0px;--awb-border-radius-bottom-left:0px;--awb-flex-wrap:wrap;\" ><div class=\"fusion-builder-row fusion-row\"><div class=\"fusion-layout-column fusion_builder_column fusion-builder-column-0 fusion_builder_column_1_1 1_1 fusion-one-full fusion-column-first fusion-column-last\" style=\"--awb-bg-size:cover;--awb-margin-bottom:0px;\"><div class=\"fusion-column-wrapper fusion-flex-column-wrapper-legacy\"><div class=\"fusion-text fusion-text-1\"><p><strong>1. Que sont les cookies ?<\/strong><br \/>Les cookies sont de petits fichiers de donn\u00e9es ou de texte plac\u00e9s sur votre ordinateur personnel par des sites Web et des applications. Ces cookies peuvent avoir diff\u00e9rentes finalit\u00e9s : par exemple, vous avez des cookies techniques (par exemple au niveau des param\u00e8tres de langue), des cookies de session (cookies temporaires) et des cookies de suivi (cookies qui suivront et suivront votre comportement sur le site Web, afin de vous offrir une exp\u00e9rience utilisateur plus optimale).<br \/>La loi belge sur les communications \u00e9lectroniques contient un certain nombre de dispositions concernant les cookies et leur utilisation sur les sites Web. La mise en \u0153uvre belge d\u00e9coule de la directive europ\u00e9enne e-Privacy, qui implique que l&#8217;utilisation des cookies et la l\u00e9gislation sur les cookies sont r\u00e9glement\u00e9es diff\u00e9remment dans chaque pays europ\u00e9en. www.ardennenrennen.be est une plateforme de trading en ligne qui se concentre principalement sur le march\u00e9 belge et suit donc l&#8217;interpr\u00e9tation belge.<\/p>\n<p><strong>2. Quelle est l&#8217;utilisation de ces cookies ?<\/strong><br \/>Bug in enterprises bvba souhaite vous informer au mieux sur cette nouvelle l\u00e9gislation et sur les cookies qu&#8217;elle utilise. En utilisant le site Web, vous acceptez l&#8217;utilisation de cookies. Les cookies aident Bug in enterprises bvba \u00e0 optimiser votre visite sur le site, \u00e0 m\u00e9moriser les choix techniques (par exemple un choix de langue, une newsletter, etc.), et \u00e0 vous montrer des services et des offres plus pertinents.<br \/>Si vous souhaitez consulter le site Web Bug in enterprises bvba, il est recommand\u00e9 d&#8217;activer les cookies. Il est possible que nous ne puissions garantir une visite sans probl\u00e8me du site Web sans l&#8217;activation des cookies. Si vous pr\u00e9f\u00e9rez ne pas souhaiter ces cookies, vous \u00eates libre de d\u00e9sactiver les cookies (voir aussi le titre &#8220;Comment g\u00e9rer mes cookies ?&#8221;).<br \/>Nous utilisons des cookies pour am\u00e9liorer votre visite sur notre site Web. Les cookies que nous utilisons sont s\u00e9curis\u00e9s. Les informations que nous collectons \u00e0 l&#8217;aide de cookies nous aident \u00e0 identifier toute erreur ou \u00e0 vous montrer des services sp\u00e9cifiques qui, selon nous, pourraient vous int\u00e9resser. Nous pouvons stocker des informations qui vous sont directement li\u00e9es. Nous pouvons \u00e9galement utiliser des cookies de partenaires soigneusement s\u00e9lectionn\u00e9s avec lesquels nous collaborons et qui annoncent nos services sur leur site Web.<\/p>\n<p><strong>3. Quels types de cookies utilise Bug in enterprises bvba?<\/strong><br \/>Nous utilisons deux types de cookies, \u00e0 savoir nos propres cookies fonctionnels et les cookies de partenaires soigneusement s\u00e9lectionn\u00e9s avec lesquels nous collaborons et qui annoncent nos services sur leur site Web. www.ardennenrennen.be<\/p>\n<p><strong>4. Comment g\u00e9rer mes cookies ?<\/strong><br \/>Assurez-vous que les cookies sont activ\u00e9s dans votre navigateur. Pour activer les cookies, vous devez effectuer les actions suivantes :<\/p>\n<p>Avec navigateur &#8211; Microsoft Internet Explorer<br \/>\u2022 Dans Internet Explorer, cliquez sur \u00ab Options Internet \u00bb dans le menu \u00ab Extra \u00bb.<br \/>\u2022 Dans l&#8217;onglet \u00ab Confidentialit\u00e9 \u00bb, d\u00e9placez le curseur des param\u00e8tres sur \u00ab bas \u00bb ou \u00ab accepter tous les cookies \u00bb (le r\u00e9glage au-dessus de \u00ab moyen \u00bb d\u00e9sactive les cookies).<br \/>\u2022 Cliquez sur \u00abOK\u00bb.<\/p>\n<p>Avec navigateur &#8211; Mozilla Firefox<br \/>\u2022 Cliquez sur \u00abFirefox\u00bb dans le coin sup\u00e9rieur gauche de votre navigateur, puis cliquez sur \u00abOptions\u00bb.<br \/>\u2022 Dans l&#8217;onglet \u00abConfidentialit\u00e9\u00bb, assurez-vous que la case \u00abFaire savoir aux sites Web que je ne souhaite pas \u00eatre suivie\u00bb n&#8217;est pas coch\u00e9e.<br \/>\u2022 Cliquez sur \u00abOK\u00bb.<\/p>\n<p>Avec navigateur &#8211; Google Chrome<br \/>\u2022 Cliquez sur \u00abExtra\u00bb en haut de la fen\u00eatre de votre navigateur et choisissez \u00abOptions\u00bb.<br \/>\u2022 Cliquez sur l&#8217;onglet \u00abSous le capot\u00bb, recherchez la section \u00abConfidentialit\u00e9\u00bb et s\u00e9lectionnez le bouton \u00abParam\u00e8tres de contenu\u00bb.<br \/>\u2022 S\u00e9lectionnez \u00abAutoriser la d\u00e9finition des donn\u00e9es locales\u00bb.<\/p>\n<p>Avec navigateur &#8211; Safari<br \/>\u2022 S\u00e9lectionnez &#8220;Pr\u00e9f\u00e9rences&#8221; dans le menu des t\u00e2ches. (Le menu des t\u00e2ches est situ\u00e9 en haut \u00e0 droite de la fen\u00eatre Safari et ressemble \u00e0 une roue dent\u00e9e ou cliquez sur &#8220;Safari&#8221; dans le menu des t\u00e2ches \u00e9tendu.)<br \/>\u2022 Cliquez sur l&#8217;onglet Confidentialit\u00e9. Trouvez la section intitul\u00e9e &#8220;Cookies et autres donn\u00e9es de site Web&#8221;<br \/>\u2022 Confirmez la transaction et attendez la confirmation que tous les cookies ont \u00e9t\u00e9 supprim\u00e9s.<\/p>\n<p><strong>5. Je ne viens pas de Belgique. Une autre forme d&#8217;autorisation est-elle requise pour mon pays ?<\/strong><br \/>Il est possible que d\u2019autres nationalit\u00e9s que Belges visitent l&#8217;application Web. Les \u00c9tats membres Europ\u00e9ens mettent souvent en \u0153uvre la l\u00e9gislation sur les cookies de mani\u00e8re tr\u00e8s diff\u00e9rente, de sorte qu&#8217;il est difficile pour la personne concern\u00e9e de d\u00e9terminer comment son consentement doit \u00eatre donn\u00e9. Bug in enterprises bvba vise \u00e0 poursuivre la m\u00e9thode de mise en \u0153uvre correcte pour chaque \u00c9tat membre, dans la mesure o\u00f9 cela est techniquement et mat\u00e9riellement possible.<\/p>\n<p><strong>6. Quels sont mes droits ?<\/strong><br \/>\u00c9tant donn\u00e9 que les cookies peuvent constituer un traitement de donn\u00e9es personnelles, vous, en tant que personne concern\u00e9e, avez droit au traitement l\u00e9gal et s\u00fbr des donn\u00e9es personnelles. La personne concern\u00e9e peut exercer les droits suivants :<br \/>&#8211; Droit d&#8217;opposition : s&#8217;il existe des raisons imp\u00e9rieuses et justifi\u00e9es, il est possible de s&#8217;opposer au traitement des donn\u00e9es personnelles.<br \/>&#8211; Droit d&#8217;acc\u00e8s : toute personne concern\u00e9e qui prouve son identit\u00e9 a un droit d&#8217;acc\u00e8s aux informations sur l&#8217;existence ou non du traitement de ses donn\u00e9es personnelles, ainsi que les finalit\u00e9s de ce traitement, les cat\u00e9gories de donn\u00e9es auxquelles ce traitement se rapporte et la cat\u00e9gorie de destinataires auxquels les donn\u00e9es sont fournies.<br \/>&#8211; Droit \u00e0 la rectification : les donn\u00e9es personnelles inexactes ou incompl\u00e8tes peuvent toujours \u00eatre corrig\u00e9es ou m\u00eame effac\u00e9es \u00e0 la demande de la personne concern\u00e9e.<br \/>L&#8217;exercice de ces droits se d\u00e9roule selon les modalit\u00e9s pr\u00e9cis\u00e9es dans notre d\u00e9claration de confidentialit\u00e9. Si apr\u00e8s avoir lu cette d\u00e9claration sur les cookies (&#8220;d\u00e9claration sur les cookies&#8221;) vous avez encore des questions ou des commentaires sur les cookies, vous pouvez toujours nous contacter via info@ardennerennen.be<\/p>\n<div id=\"ConnectiveDocSignExtentionInstalled\" data-extension-version=\"1.0.4\">\u00a0<\/div>\n<\/div><div class=\"fusion-clearfix\"><\/div><\/div><\/div><\/div><\/div>\n","protected":false},"excerpt":{"rendered":"","protected":false},"author":1,"featured_media":0,"parent":0,"menu_order":0,"comment_status":"closed","ping_status":"open","template":"","meta":{"_acf_changed":false,"footnotes":""},"class_list":["post-538","page","type-page","status-publish","hentry"],"acf":[],"_links":{"self":[{"href":"https:\/\/ardennenrennen.be\/fr\/wp-json\/wp\/v2\/pages\/538","targetHints":{"allow":["GET"]}}],"collection":[{"href":"https:\/\/ardennenrennen.be\/fr\/wp-json\/wp\/v2\/pages"}],"about":[{"href":"https:\/\/ardennenrennen.be\/fr\/wp-json\/wp\/v2\/types\/page"}],"author":[{"embeddable":true,"href":"https:\/\/ardennenrennen.be\/fr\/wp-json\/wp\/v2\/users\/1"}],"replies":[{"embeddable":true,"href":"https:\/\/ardennenrennen.be\/fr\/wp-json\/wp\/v2\/comments?post=538"}],"version-history":[{"count":4,"href":"https:\/\/ardennenrennen.be\/fr\/wp-json\/wp\/v2\/pages\/538\/revisions"}],"predecessor-version":[{"id":542,"href":"https:\/\/ardennenrennen.be\/fr\/wp-json\/wp\/v2\/pages\/538\/revisions\/542"}],"wp:attachment":[{"href":"https:\/\/ardennenrennen.be\/fr\/wp-json\/wp\/v2\/media?parent=538"}],"curies":[{"name":"wp","href":"https:\/\/api.w.org\/{rel}","templated":true}]}}