{"id":525,"date":"2020-02-20T22:45:57","date_gmt":"2020-02-20T22:45:57","guid":{"rendered":"https:\/\/ardennenrennen.be\/?page_id=525"},"modified":"2020-02-21T12:49:00","modified_gmt":"2020-02-21T12:49:00","slug":"ma-voiture-est-elle-eligible","status":"publish","type":"page","link":"https:\/\/ardennenrennen.be\/fr\/ma-voiture-est-elle-eligible\/","title":{"rendered":"Ma voiture est-elle \u00e9ligible"},"content":{"rendered":"<p><div class=\"fusion-fullwidth fullwidth-box fusion-builder-row-1 hundred-percent-fullwidth non-hundred-percent-height-scrolling\" style=\"--awb-border-radius-top-left:0px;--awb-border-radius-top-right:0px;--awb-border-radius-bottom-right:0px;--awb-border-radius-bottom-left:0px;--awb-padding-right:0px;--awb-padding-left:0px;--awb-flex-wrap:wrap;\" ><div class=\"fusion-builder-row fusion-row\"><div class=\"fusion-layout-column fusion_builder_column fusion-builder-column-0 fusion_builder_column_1_1 1_1 fusion-one-full fusion-column-first fusion-column-last\" style=\"--awb-padding-top:20px;--awb-padding-right:0px;--awb-padding-left:0px;--awb-bg-size:cover;--awb-border-color:#b2966a;--awb-border-top:2px;--awb-border-style:solid;\"><div class=\"fusion-column-wrapper fusion-column-has-shadow fusion-flex-column-wrapper-legacy\"><div class=\"fusion-clearfix\"><\/div><\/div><\/div><\/div><\/div><div class=\"fusion-fullwidth fullwidth-box fusion-builder-row-2 nonhundred-percent-fullwidth non-hundred-percent-height-scrolling\" style=\"--awb-border-radius-top-left:0px;--awb-border-radius-top-right:0px;--awb-border-radius-bottom-right:0px;--awb-border-radius-bottom-left:0px;--awb-padding-top:0px;--awb-margin-top:0px;--awb-flex-wrap:wrap;\" ><div class=\"fusion-builder-row fusion-row\"><div class=\"fusion-layout-column fusion_builder_column fusion-builder-column-1 fusion_builder_column_1_1 1_1 fusion-one-full fusion-column-first fusion-column-last\" style=\"--awb-bg-position:center bottom;--awb-bg-size:cover;\"><div class=\"fusion-column-wrapper fusion-column-has-shadow fusion-flex-column-wrapper-legacy\"><div class=\"fusion-text fusion-text-1\"><h2><strong>Ma voiture est-elle \u00e9ligible ?<\/strong><\/h2>\n<\/div><div class=\"fusion-sep-clear\"><\/div><div class=\"fusion-separator fusion-full-width-sep\" style=\"margin-left: auto;margin-right: auto;width:100%;\"><\/div><div class=\"fusion-sep-clear\"><\/div><div class=\"fusion-text fusion-text-2\"><h2>Des exigences ?<\/h2>\n<p>Bien s\u00fbr, toutes les voitures doivent avoir une assurance compl\u00e8te et doivent \u00eatre l\u00e9gales sur route dans leur pays d&#8217;origine. Les plaques commerciales\/garage ne sont pas autoris\u00e9es.<\/p>\n<p>Les attentes<br \/>\nNous aimerions que les inscrits participent au Rallye avec un esprit et un look vintage \u00e0 l&#8217;ancienne, pour la voiture, mais aussi pour l\u2019habillement du pilote et du copilote. Les v\u00e9hicules ultra-abaiss\u00e9es ne peuvent logiquement pas passer ais\u00e9ment sur les routes d\u2019Ardenne &#8211; nous avons besoin du minimum de 11 cm (l\u00e9gal en Belgique). L&#8217;utilisation de jantes Volkswagen ou Porsche seront privili\u00e9gi\u00e9es. (Les jantes Sprintstar sont accept\u00e9es). Si vous avez de la publicit\u00e9 sur votre voiture, elle doit \u00eatre de style vintage.<\/p>\n<h2>La puissance<\/h2>\n<p>La puissance de votre voiture peut provenir de votre moteur d&#8217;origine (ORIGINAL VW CLASS 1) ou d&#8217;un moteur augment\u00e9 par des kits vintage (OKRASA &#8211; DENZEL- JUDSON &#8211; PEPCO &#8211; etc) (OKRASA VW CLASS 2) ou outlaw, par exemple un moteur Porsche 356 dans une VW &#8211; tout changement exotique de votre moteur vous fera glisser dans la classe Outlaw (OUTLAW VW CLASS 3) Pour les Porsche, nous avons deux classes : d&#8217;origine et Outlaw. Nous n&#8217;autorisons PAS l&#8217;injection (\u00e0 l&#8217;exception si d&#8217;origine dans les classes Porsche) et nous n&#8217;autorisons pas les turbos. Seul le carburant de pompe \u00e0 essence habituelle est autoris\u00e9. Aucun carburant nitrous ou autre.<\/p>\n<h2>Freinage<\/h2>\n<p>La puissance de freinage &#8211; les freins de vos voitures peuvent \u00eatre d&#8217;origine, Porsche ou CSP. Les pneus doivent \u00eatre l\u00e9gaux sur la route. Les slics ne sont pas autoris\u00e9es.<\/p>\n<\/div><div class=\"fusion-text fusion-text-3\"><h2>Classes de voitures<\/h2>\n<p>Beetle -1967<br \/>\nBus -1967<br \/>\nKarmann Ghia -1967<br \/>\nType trois -1965<br \/>\nVw Coachbuilds\/Carrosseries sp\u00e9ciales : demande l&#8217;admissibilit\u00e9 des organisateurs<br \/>\nPorsche 356 -1965<br \/>\nPorsche 912 -1969<br \/>\nPorsche 914 -1976<br \/>\nPorsche 911 -1974<\/p>\n<h2>Classes VW<\/h2>\n<p>ORIGINALE VW CLASSE 1 Usine d&#8217;origine<br \/>\nOKRASA VW CLASS 2 P\u00e9riode correct Okrasa, Denzel, etc.<br \/>\nCompresseurs d&#8217;\u00e9poque Judson, Pepco, etc.<br \/>\nOUTLAW VW CLASS 3 Porsche engine in vw<br \/>\nou toute autre modification plus ou moins exotique<\/p>\n<h2>Classes Porsche<\/h2>\n<p>PORSCHE ORIGINALE Usine d&#8217;origine<br \/>\nOUTLAW PORSCHE Outlaw &#8211; modifications du moteur et de la livraison de carburant<\/p>\n<\/div><div class=\"awb-gallery-wrapper awb-gallery-wrapper-1 button-span-no\"><div style=\"margin:-5px;--awb-bordersize:0px;\" class=\"fusion-gallery fusion-gallery-container fusion-grid-3 fusion-columns-total-3 fusion-gallery-layout-grid fusion-gallery-1\"><div style=\"padding:5px;\" class=\"fusion-grid-column fusion-gallery-column fusion-gallery-column-3 hover-type-none\"><div class=\"fusion-gallery-image\"><a href=\"https:\/\/ardennenrennen.be\/wp-content\/uploads\/2019\/09\/1.jpg\" rel=\"noreferrer\" data-rel=\"iLightbox[gallery_image_1]\" class=\"fusion-lightbox\" target=\"_self\"><img decoding=\"async\" src=\"https:\/\/ardennenrennen.be\/wp-content\/uploads\/2019\/09\/1.jpg\" width=\"640\" height=\"590\" alt=\"\" title=\"1\" aria-label=\"1\" class=\"img-responsive wp-image-126\" srcset=\"https:\/\/ardennenrennen.be\/wp-content\/uploads\/2019\/09\/1-200x184.jpg 200w, https:\/\/ardennenrennen.be\/wp-content\/uploads\/2019\/09\/1-400x369.jpg 400w, https:\/\/ardennenrennen.be\/wp-content\/uploads\/2019\/09\/1-600x553.jpg 600w, https:\/\/ardennenrennen.be\/wp-content\/uploads\/2019\/09\/1.jpg 640w\" sizes=\"(min-width: 2200px) 100vw, (min-width: 784px) 363px, (min-width: 712px) 545px, (min-width: 640px) 712px, \" \/><\/a><\/div><\/div><div style=\"padding:5px;\" class=\"fusion-grid-column fusion-gallery-column fusion-gallery-column-3 hover-type-none\"><div class=\"fusion-gallery-image\"><a href=\"https:\/\/ardennenrennen.be\/wp-content\/uploads\/2019\/09\/3.jpg\" rel=\"noreferrer\" data-rel=\"iLightbox[gallery_image_1]\" class=\"fusion-lightbox\" target=\"_self\"><img decoding=\"async\" src=\"https:\/\/ardennenrennen.be\/wp-content\/uploads\/2019\/09\/3.jpg\" width=\"640\" height=\"590\" alt=\"\" title=\"3\" aria-label=\"3\" class=\"img-responsive wp-image-127\" srcset=\"https:\/\/ardennenrennen.be\/wp-content\/uploads\/2019\/09\/3-200x184.jpg 200w, https:\/\/ardennenrennen.be\/wp-content\/uploads\/2019\/09\/3-400x369.jpg 400w, https:\/\/ardennenrennen.be\/wp-content\/uploads\/2019\/09\/3-600x553.jpg 600w, https:\/\/ardennenrennen.be\/wp-content\/uploads\/2019\/09\/3.jpg 640w\" sizes=\"(min-width: 2200px) 100vw, (min-width: 784px) 363px, (min-width: 712px) 545px, (min-width: 640px) 712px, \" \/><\/a><\/div><\/div><div style=\"padding:5px;\" class=\"fusion-grid-column fusion-gallery-column fusion-gallery-column-3 hover-type-none\"><div class=\"fusion-gallery-image\"><a href=\"https:\/\/ardennenrennen.be\/wp-content\/uploads\/2019\/09\/2.jpg\" rel=\"noreferrer\" data-rel=\"iLightbox[gallery_image_1]\" class=\"fusion-lightbox\" target=\"_self\"><img decoding=\"async\" src=\"https:\/\/ardennenrennen.be\/wp-content\/uploads\/2019\/09\/2.jpg\" width=\"640\" height=\"590\" alt=\"\" title=\"2\" aria-label=\"2\" class=\"img-responsive wp-image-128\" srcset=\"https:\/\/ardennenrennen.be\/wp-content\/uploads\/2019\/09\/2-200x184.jpg 200w, https:\/\/ardennenrennen.be\/wp-content\/uploads\/2019\/09\/2-400x369.jpg 400w, https:\/\/ardennenrennen.be\/wp-content\/uploads\/2019\/09\/2-600x553.jpg 600w, https:\/\/ardennenrennen.be\/wp-content\/uploads\/2019\/09\/2.jpg 640w\" sizes=\"(min-width: 2200px) 100vw, (min-width: 784px) 363px, (min-width: 712px) 545px, (min-width: 640px) 712px, \" \/><\/a><\/div><\/div><div class=\"clearfix\"><\/div><\/div><\/div><div class=\"fusion-clearfix\"><\/div><\/div><\/div><\/div><\/div><div class=\"fusion-fullwidth fullwidth-box fusion-builder-row-3 fusion-parallax-none hundred-percent-fullwidth non-hundred-percent-height-scrolling\" style=\"--awb-border-radius-top-left:0px;--awb-border-radius-top-right:0px;--awb-border-radius-bottom-right:0px;--awb-border-radius-bottom-left:0px;--awb-padding-top:120px;--awb-padding-bottom:0px;--awb-margin-top:60px;--awb-margin-bottom:0px;--awb-background-image:url(&quot;https:\/\/ardennenrennen.be\/wp-content\/uploads\/2019\/09\/dennen3.png&quot;);--awb-background-size:cover;--awb-flex-wrap:wrap;\" ><div class=\"fusion-builder-row fusion-row\"><div class=\"fusion-layout-column fusion_builder_column fusion-builder-column-2 fusion_builder_column_1_1 1_1 fusion-one-full fusion-column-first fusion-column-last\" style=\"--awb-padding-top:100px;--awb-padding-bottom:0px;--awb-bg-size:cover;--awb-margin-bottom:0px;\"><div class=\"fusion-column-wrapper fusion-column-has-shadow fusion-flex-column-wrapper-legacy\"><div class=\"fusion-clearfix\"><\/div><\/div><\/div><\/div><\/div><\/p>\n","protected":false},"excerpt":{"rendered":"","protected":false},"author":1,"featured_media":0,"parent":0,"menu_order":0,"comment_status":"closed","ping_status":"closed","template":"100-width.php","meta":{"_acf_changed":false,"footnotes":""},"class_list":["post-525","page","type-page","status-publish","hentry"],"acf":[],"_links":{"self":[{"href":"https:\/\/ardennenrennen.be\/fr\/wp-json\/wp\/v2\/pages\/525","targetHints":{"allow":["GET"]}}],"collection":[{"href":"https:\/\/ardennenrennen.be\/fr\/wp-json\/wp\/v2\/pages"}],"about":[{"href":"https:\/\/ardennenrennen.be\/fr\/wp-json\/wp\/v2\/types\/page"}],"author":[{"embeddable":true,"href":"https:\/\/ardennenrennen.be\/fr\/wp-json\/wp\/v2\/users\/1"}],"replies":[{"embeddable":true,"href":"https:\/\/ardennenrennen.be\/fr\/wp-json\/wp\/v2\/comments?post=525"}],"version-history":[{"count":2,"href":"https:\/\/ardennenrennen.be\/fr\/wp-json\/wp\/v2\/pages\/525\/revisions"}],"predecessor-version":[{"id":527,"href":"https:\/\/ardennenrennen.be\/fr\/wp-json\/wp\/v2\/pages\/525\/revisions\/527"}],"wp:attachment":[{"href":"https:\/\/ardennenrennen.be\/fr\/wp-json\/wp\/v2\/media?parent=525"}],"curies":[{"name":"wp","href":"https:\/\/api.w.org\/{rel}","templated":true}]}}