{"id":521,"date":"2020-02-20T22:40:44","date_gmt":"2020-02-20T22:40:44","guid":{"rendered":"https:\/\/ardennenrennen.be\/?page_id=521"},"modified":"2023-02-23T11:59:55","modified_gmt":"2023-02-23T11:59:55","slug":"votre-hotel","status":"publish","type":"page","link":"https:\/\/ardennenrennen.be\/fr\/votre-hotel\/","title":{"rendered":"Votre h\u00f4tel"},"content":{"rendered":"<p><div class=\"fusion-fullwidth fullwidth-box fusion-builder-row-1 hundred-percent-fullwidth non-hundred-percent-height-scrolling\" style=\"--awb-border-radius-top-left:0px;--awb-border-radius-top-right:0px;--awb-border-radius-bottom-right:0px;--awb-border-radius-bottom-left:0px;--awb-padding-right:0px;--awb-padding-left:0px;--awb-flex-wrap:wrap;\" ><div class=\"fusion-builder-row fusion-row\"><div class=\"fusion-layout-column fusion_builder_column fusion-builder-column-0 fusion_builder_column_1_1 1_1 fusion-one-full fusion-column-first fusion-column-last\" style=\"--awb-padding-top:20px;--awb-padding-right:0px;--awb-padding-left:0px;--awb-bg-size:cover;--awb-border-color:#b2966a;--awb-border-top:2px;--awb-border-style:solid;\"><div class=\"fusion-column-wrapper fusion-column-has-shadow fusion-flex-column-wrapper-legacy\"><div class=\"fusion-clearfix\"><\/div><\/div><\/div><\/div><\/div><div class=\"fusion-fullwidth fullwidth-box fusion-builder-row-2 nonhundred-percent-fullwidth non-hundred-percent-height-scrolling\" style=\"--awb-border-radius-top-left:0px;--awb-border-radius-top-right:0px;--awb-border-radius-bottom-right:0px;--awb-border-radius-bottom-left:0px;--awb-padding-top:0px;--awb-margin-top:0px;--awb-flex-wrap:wrap;\" ><div class=\"fusion-builder-row fusion-row\"><div class=\"fusion-layout-column fusion_builder_column fusion-builder-column-1 fusion_builder_column_2_3 2_3 fusion-two-third fusion-column-first\" style=\"--awb-bg-position:center bottom;--awb-bg-size:cover;width:66.666666666667%;width:calc(66.666666666667% - ( ( 4% ) * 0.66666666666667 ) );margin-right: 4%;\"><div class=\"fusion-column-wrapper fusion-column-has-shadow fusion-flex-column-wrapper-legacy\"><div class=\"fusion-text fusion-text-1\"><h2><strong>Votre h\u00f4tel<\/strong><\/h2>\n<\/div><div class=\"fusion-sep-clear\"><\/div><div class=\"fusion-separator fusion-full-width-sep\" style=\"margin-left: auto;margin-right: auto;width:100%;\"><\/div><div class=\"fusion-sep-clear\"><\/div><div class=\"fusion-text fusion-text-2\"><p>Le rallye commence et se termine au R-hotel dans la r\u00e9gion d&#8217;Aywaille. Situ\u00e9 sur un fond de verdure, \u00e0 c\u00f4t\u00e9 de la c\u00e9l\u00e8bre colline de la Redoute o\u00f9 se termine la course cycliste de Li\u00e8ge-Bastogne-Li\u00e8ge, \u00e0 Remouchamps. Le R-hotel experiences est un h\u00f4tel quatre \u00e9toiles. Les 53 chambres et suites sont con\u00e7ues dans un style exclusif et offrent une magnifique vue panoramique sur la vall\u00e9e de l&#8217;Ambl\u00e8ve. C&#8217;est l&#8217;h\u00f4tel qui s&#8217;adresse aux vrais gentlemen racers : des chambres ultra-modernes excellentes et confortables, combin\u00e9es \u00e0 un succulent d\u00eener pour une exp\u00e9rience inoubliable ! Avec son personnel amical, l&#8217;h\u00f4tel sera r\u00e9serv\u00e9 pour l&#8217;Ardennen Rennen. C\u2019est le point de d\u00e9part id\u00e9al pour notre \u00e9v\u00e9nement afin d\u2019explorer les magnifiques Ardennes vertes.<\/p>\n<p>L&#8217;h\u00f4tel poss\u00e8de une salle de fitness tr\u00e8s \u00e9quip\u00e9e o\u00f9 vous pourez vous muscler et faire du cardio en vous pr\u00e9parant au rallye. Pourquoi ne pas vous rafra\u00eechir dans la piscine ? Des massages relaxants et des soins de beaut\u00e9 pour votre accompagnante ou vous-m\u00eame peuvent \u00eatre r\u00e9serv\u00e9s \u00e0 l&#8217;avance, moyennant des frais suppl\u00e9mentaires.<\/p>\n<p>Nous n&#8217;oublions pas non plus les voitures &#8211; l&#8217;h\u00f4tel dispose d&#8217;un parking privatif id\u00e9al pour pr\u00e9parer vos voitures pour l&#8217;Ardennen Rennen. Une derni\u00e8re mise au point ou un dernier lavage est possible gr\u00e2ce \u00e0 Meguiars Belgique\u2026 demandez-leur de nettoyer vos vitres afin que vous soyez pr\u00eat \u00e0 voir et \u00e0 exp\u00e9rimenter parfaitement l\u2019Ardennen Rennen 2020 !<\/p>\n<p>Des nuits suppl\u00e9mentaires pour le vendredi, samedi ou dimanche peuvent \u00eatre r\u00e9serv\u00e9es aupr\u00e8s de l&#8217;organisation au prix suppl\u00e9mentaire de 197 euros TTC.<\/p>\n<\/div><div class=\"fusion-clearfix\"><\/div><\/div><\/div><div class=\"fusion-layout-column fusion_builder_column fusion-builder-column-2 fusion_builder_column_1_3 1_3 fusion-one-third fusion-column-last\" style=\"--awb-bg-position:center bottom;--awb-bg-size:cover;width:33.333333333333%;width:calc(33.333333333333% - ( ( 4% ) * 0.33333333333333 ) );\"><div class=\"fusion-column-wrapper fusion-column-has-shadow fusion-flex-column-wrapper-legacy\"><div class=\"fusion-sep-clear\"><\/div><div class=\"fusion-separator fusion-full-width-sep\" style=\"margin-left: auto;margin-right: auto;width:100%;\"><\/div><div class=\"fusion-sep-clear\"><\/div><div class=\"fusion-image-element in-legacy-container\" style=\"--awb-margin-top:40px;--awb-caption-title-font-family:var(--h2_typography-font-family);--awb-caption-title-font-weight:var(--h2_typography-font-weight);--awb-caption-title-font-style:var(--h2_typography-font-style);--awb-caption-title-size:var(--h2_typography-font-size);--awb-caption-title-transform:var(--h2_typography-text-transform);--awb-caption-title-line-height:var(--h2_typography-line-height);--awb-caption-title-letter-spacing:var(--h2_typography-letter-spacing);\"><span class=\" fusion-imageframe imageframe-none imageframe-1 hover-type-none imageFull\"><img decoding=\"async\" width=\"225\" height=\"300\" title=\"309549806_512371740893935_5084944889044036280_n\" src=\"https:\/\/ardennenrennen.be\/wp-content\/uploads\/2023\/02\/309549806_512371740893935_5084944889044036280_n-225x300.jpg\" alt class=\"img-responsive wp-image-1859\" srcset=\"https:\/\/ardennenrennen.be\/wp-content\/uploads\/2023\/02\/309549806_512371740893935_5084944889044036280_n-200x267.jpg 200w, https:\/\/ardennenrennen.be\/wp-content\/uploads\/2023\/02\/309549806_512371740893935_5084944889044036280_n-400x533.jpg 400w, https:\/\/ardennenrennen.be\/wp-content\/uploads\/2023\/02\/309549806_512371740893935_5084944889044036280_n-600x800.jpg 600w, https:\/\/ardennenrennen.be\/wp-content\/uploads\/2023\/02\/309549806_512371740893935_5084944889044036280_n-800x1067.jpg 800w, https:\/\/ardennenrennen.be\/wp-content\/uploads\/2023\/02\/309549806_512371740893935_5084944889044036280_n-1200x1600.jpg 1200w, https:\/\/ardennenrennen.be\/wp-content\/uploads\/2023\/02\/309549806_512371740893935_5084944889044036280_n.jpg 1536w\" sizes=\"(max-width: 800px) 100vw, 400px\" \/><\/span><\/div><div class=\"fusion-clearfix\"><\/div><\/div><\/div><\/div><\/div><div class=\"fusion-fullwidth fullwidth-box fusion-builder-row-3 fusion-parallax-none hundred-percent-fullwidth non-hundred-percent-height-scrolling\" style=\"--awb-border-radius-top-left:0px;--awb-border-radius-top-right:0px;--awb-border-radius-bottom-right:0px;--awb-border-radius-bottom-left:0px;--awb-padding-top:120px;--awb-padding-bottom:0px;--awb-margin-top:60px;--awb-margin-bottom:0px;--awb-background-image:url(&quot;https:\/\/ardennenrennen.be\/wp-content\/uploads\/2019\/09\/dennen3.png&quot;);--awb-background-size:cover;--awb-flex-wrap:wrap;\" ><div class=\"fusion-builder-row fusion-row\"><div class=\"fusion-layout-column fusion_builder_column fusion-builder-column-3 fusion_builder_column_1_1 1_1 fusion-one-full fusion-column-first fusion-column-last\" style=\"--awb-padding-top:100px;--awb-padding-bottom:0px;--awb-bg-size:cover;--awb-margin-bottom:0px;\"><div class=\"fusion-column-wrapper fusion-column-has-shadow fusion-flex-column-wrapper-legacy\"><div class=\"fusion-clearfix\"><\/div><\/div><\/div><\/div><\/div><\/p>\n","protected":false},"excerpt":{"rendered":"","protected":false},"author":1,"featured_media":0,"parent":0,"menu_order":0,"comment_status":"closed","ping_status":"closed","template":"100-width.php","meta":{"_acf_changed":false,"footnotes":""},"class_list":["post-521","page","type-page","status-publish","hentry"],"acf":[],"_links":{"self":[{"href":"https:\/\/ardennenrennen.be\/fr\/wp-json\/wp\/v2\/pages\/521","targetHints":{"allow":["GET"]}}],"collection":[{"href":"https:\/\/ardennenrennen.be\/fr\/wp-json\/wp\/v2\/pages"}],"about":[{"href":"https:\/\/ardennenrennen.be\/fr\/wp-json\/wp\/v2\/types\/page"}],"author":[{"embeddable":true,"href":"https:\/\/ardennenrennen.be\/fr\/wp-json\/wp\/v2\/users\/1"}],"replies":[{"embeddable":true,"href":"https:\/\/ardennenrennen.be\/fr\/wp-json\/wp\/v2\/comments?post=521"}],"version-history":[{"count":6,"href":"https:\/\/ardennenrennen.be\/fr\/wp-json\/wp\/v2\/pages\/521\/revisions"}],"predecessor-version":[{"id":1897,"href":"https:\/\/ardennenrennen.be\/fr\/wp-json\/wp\/v2\/pages\/521\/revisions\/1897"}],"wp:attachment":[{"href":"https:\/\/ardennenrennen.be\/fr\/wp-json\/wp\/v2\/media?parent=521"}],"curies":[{"name":"wp","href":"https:\/\/api.w.org\/{rel}","templated":true}]}}