{"id":518,"date":"2020-02-20T22:39:04","date_gmt":"2020-02-20T22:39:04","guid":{"rendered":"https:\/\/ardennenrennen.be\/?page_id=518"},"modified":"2025-03-04T14:05:30","modified_gmt":"2025-03-04T14:05:30","slug":"le-programme","status":"publish","type":"page","link":"https:\/\/ardennenrennen.be\/fr\/le-programme\/","title":{"rendered":"Le programme"},"content":{"rendered":"<p><div class=\"fusion-fullwidth fullwidth-box fusion-builder-row-1 hundred-percent-fullwidth non-hundred-percent-height-scrolling\" style=\"--awb-border-radius-top-left:0px;--awb-border-radius-top-right:0px;--awb-border-radius-bottom-right:0px;--awb-border-radius-bottom-left:0px;--awb-padding-right:0px;--awb-padding-left:0px;--awb-flex-wrap:wrap;\" ><div class=\"fusion-builder-row fusion-row\"><div class=\"fusion-layout-column fusion_builder_column fusion-builder-column-0 fusion_builder_column_1_1 1_1 fusion-one-full fusion-column-first fusion-column-last\" style=\"--awb-padding-top:20px;--awb-padding-right:0px;--awb-padding-left:0px;--awb-bg-size:cover;--awb-border-color:#b2966a;--awb-border-top:2px;--awb-border-style:solid;\"><div class=\"fusion-column-wrapper fusion-column-has-shadow fusion-flex-column-wrapper-legacy\"><div class=\"fusion-clearfix\"><\/div><\/div><\/div><\/div><\/div><div class=\"fusion-fullwidth fullwidth-box fusion-builder-row-2 nonhundred-percent-fullwidth non-hundred-percent-height-scrolling\" style=\"--awb-border-radius-top-left:0px;--awb-border-radius-top-right:0px;--awb-border-radius-bottom-right:0px;--awb-border-radius-bottom-left:0px;--awb-padding-top:0px;--awb-margin-top:0px;--awb-flex-wrap:wrap;\" ><div class=\"fusion-builder-row fusion-row\"><div class=\"fusion-layout-column fusion_builder_column fusion-builder-column-1 fusion_builder_column_1_1 1_1 fusion-one-full fusion-column-first fusion-column-last\" style=\"--awb-bg-position:center bottom;--awb-bg-size:cover;\"><div class=\"fusion-column-wrapper fusion-column-has-shadow fusion-flex-column-wrapper-legacy\"><div class=\"fusion-text fusion-text-1\"><h2><strong>Le programme<\/strong><\/h2>\n<\/div><div class=\"fusion-sep-clear\"><\/div><div class=\"fusion-separator fusion-full-width-sep\" style=\"margin-left: auto;margin-right: auto;width:100%;\"><\/div><div class=\"fusion-sep-clear\"><\/div><div class=\"fusion-text fusion-text-2\"><h2>SAMEDI 27 septembre<\/h2>\n<p>14:00 Arriv\u00e9e \u00e0 l&#8217;h\u00f4tel, R-Hotel \u00e0 Aywaille, enregistrement \u00e0 l&#8217;h\u00f4tel<\/p>\n<p>Contr\u00f4le des papiers et inscriptions des pilotes, copilotes et voitures.<\/p>\n<p>Vous recevez :<br \/>\nLe sac de Goodies<br \/>\nLes plaques rallye avec votre num\u00e9ro de participant,<br \/>\nLe fantastique badge de calandre Ardennen Rennen, afin de comm\u00e9morer votre participation<br \/>\nLe T-shirt de l\u2019\u00e9v\u00e8nement.<\/p>\n<p>Contr\u00f4le technique de votre voiture et la possibilit\u00e9 de calibrer vos tripmasters en faisant une boucle.<\/p>\n<p>17h00 Prologue pour commencer le week-end et d\u00e9terminer les positions de d\u00e9part le dimanche.<br \/>\n19:00 L\u2019 &#8220;Ap\u00e9ritif&#8221; officiel d&#8217;Ardennen Rennen avec tous les participants et invit\u00e9s au bar et lounge.<br \/>\n19:30 Le \u00abd\u00eener\u00bb officiel d&#8217;Ardennen Rennen avec tous les participants et invit\u00e9s de l&#8217;h\u00f4tel<\/p>\n<p>Une bonne nuit de sommeil dans un lit ****,<br \/>\nou un verre et une conversation au bar de l&#8217;h\u00f4tel entre gentlemen racers,<br \/>\npour parler du carburant, de l&#8217;octane dans vos veines et des glucides de votre voiture, c&#8217;est votre convenance!<\/p>\n<h2>DIMANCHE 28 septembre<\/h2>\n<p>07:00 Petit d\u00e9jeuner \u00e0 l&#8217;h\u00f4tel<br \/>\n08:00 Briefing<br \/>\n08:30 premi\u00e8res voitures d\u00e9marrent. Le roadbook est donn\u00e9 au d\u00e9part.<\/p>\n<p>Vers 12h00 distribution d&#8217;un panier pique-nique typique des Ardennes<br \/>\nVers 15h00 surprise froide!<\/p>\n<p>16h00 les premi\u00e8res voitures qui ont trouv\u00e9 l\u2019itin\u00e9raire correcte et sans faute commencent \u00e0 rentrer \u00e0 l&#8217;h\u00f4tel<br \/>\n18h00 la r\u00e9ception du Grand Prix du Grand Prix \u00e0 l&#8217;h\u00f4tel<\/p>\n<\/div><div class=\"fusion-clearfix\"><\/div><\/div><\/div><\/div><\/div><div class=\"fusion-fullwidth fullwidth-box fusion-builder-row-3 fusion-parallax-none hundred-percent-fullwidth non-hundred-percent-height-scrolling\" style=\"--awb-border-radius-top-left:0px;--awb-border-radius-top-right:0px;--awb-border-radius-bottom-right:0px;--awb-border-radius-bottom-left:0px;--awb-padding-top:120px;--awb-padding-bottom:0px;--awb-margin-top:60px;--awb-margin-bottom:0px;--awb-background-image:url(&quot;https:\/\/ardennenrennen.be\/wp-content\/uploads\/2019\/09\/dennen3.png&quot;);--awb-background-size:cover;--awb-flex-wrap:wrap;\" ><div class=\"fusion-builder-row fusion-row\"><div class=\"fusion-layout-column fusion_builder_column fusion-builder-column-2 fusion_builder_column_1_1 1_1 fusion-one-full fusion-column-first fusion-column-last\" style=\"--awb-padding-top:100px;--awb-padding-bottom:0px;--awb-bg-size:cover;--awb-margin-bottom:0px;\"><div class=\"fusion-column-wrapper fusion-column-has-shadow fusion-flex-column-wrapper-legacy\"><div class=\"fusion-clearfix\"><\/div><\/div><\/div><\/div><\/div><\/p>\n","protected":false},"excerpt":{"rendered":"","protected":false},"author":1,"featured_media":0,"parent":0,"menu_order":0,"comment_status":"closed","ping_status":"closed","template":"100-width.php","meta":{"_acf_changed":false,"footnotes":""},"class_list":["post-518","page","type-page","status-publish","hentry"],"acf":[],"_links":{"self":[{"href":"https:\/\/ardennenrennen.be\/fr\/wp-json\/wp\/v2\/pages\/518","targetHints":{"allow":["GET"]}}],"collection":[{"href":"https:\/\/ardennenrennen.be\/fr\/wp-json\/wp\/v2\/pages"}],"about":[{"href":"https:\/\/ardennenrennen.be\/fr\/wp-json\/wp\/v2\/types\/page"}],"author":[{"embeddable":true,"href":"https:\/\/ardennenrennen.be\/fr\/wp-json\/wp\/v2\/users\/1"}],"replies":[{"embeddable":true,"href":"https:\/\/ardennenrennen.be\/fr\/wp-json\/wp\/v2\/comments?post=518"}],"version-history":[{"count":5,"href":"https:\/\/ardennenrennen.be\/fr\/wp-json\/wp\/v2\/pages\/518\/revisions"}],"predecessor-version":[{"id":6288,"href":"https:\/\/ardennenrennen.be\/fr\/wp-json\/wp\/v2\/pages\/518\/revisions\/6288"}],"wp:attachment":[{"href":"https:\/\/ardennenrennen.be\/fr\/wp-json\/wp\/v2\/media?parent=518"}],"curies":[{"name":"wp","href":"https:\/\/api.w.org\/{rel}","templated":true}]}}